{"id":628,"date":"2023-11-23T10:08:20","date_gmt":"2023-11-23T15:08:20","guid":{"rendered":"https:\/\/kuma.marketing\/?page_id=628"},"modified":"2024-11-25T14:25:11","modified_gmt":"2024-11-25T19:25:11","slug":"planifier-une-demonstration","status":"publish","type":"page","link":"https:\/\/kuma.marketing\/fr\/planifier-une-demonstration\/","title":{"rendered":"Planifier une d\u00e9monstration"},"content":{"rendered":"","protected":false},"excerpt":{"rendered":"","protected":false},"author":8,"featured_media":0,"parent":0,"menu_order":0,"comment_status":"closed","ping_status":"closed","template":"template-page-content.blade.php","meta":{"_acf_changed":false,"footnotes":""},"class_list":["post-628","page","type-page","status-publish","hentry"],"acf":[],"yoast_head":"<!-- This site is optimized with the Yoast SEO plugin v25.9 - https:\/\/yoast.com\/wordpress\/plugins\/seo\/ -->\n<title>R\u00e9servez une d\u00e9mo avec nos experts | Kuma<\/title>\n<meta name=\"description\" content=\"R\u00e9servez une d\u00e9mo avec un expert Kuma pour voir comment nos outils d\u2019IA peuvent am\u00e9liorer votre boutique Shopify. Transformez votre strat\u00e9gie marketing.\" \/>\n<meta name=\"robots\" content=\"index, follow, max-snippet:-1, max-image-preview:large, max-video-preview:-1\" \/>\n<link rel=\"canonical\" href=\"https:\/\/kuma.marketing\/fr\/planifier-une-demonstration\/\" \/>\n<meta property=\"og:locale\" content=\"fr_CA\" \/>\n<meta property=\"og:type\" content=\"article\" \/>\n<meta property=\"og:title\" content=\"R\u00e9servez une d\u00e9mo avec nos experts | Kuma\" \/>\n<meta property=\"og:description\" content=\"R\u00e9servez une d\u00e9mo avec un expert Kuma pour voir comment nos outils d\u2019IA peuvent am\u00e9liorer votre boutique Shopify. Transformez votre strat\u00e9gie marketing.\" \/>\n<meta property=\"og:url\" content=\"https:\/\/kuma.marketing\/fr\/planifier-une-demonstration\/\" \/>\n<meta property=\"og:site_name\" content=\"Kuma\" \/>\n<meta property=\"article:modified_time\" content=\"2024-11-25T19:25:11+00:00\" \/>\n<meta name=\"twitter:card\" content=\"summary_large_image\" \/>\n<script type=\"application\/ld+json\" class=\"yoast-schema-graph\">{\"@context\":\"https:\/\/schema.org\",\"@graph\":[{\"@type\":\"WebPage\",\"@id\":\"https:\/\/kuma.marketing\/fr\/planifier-une-demonstration\/\",\"url\":\"https:\/\/kuma.marketing\/fr\/planifier-une-demonstration\/\",\"name\":\"R\u00e9servez une d\u00e9mo avec nos experts | Kuma\",\"isPartOf\":{\"@id\":\"https:\/\/kuma.marketing\/fr\/#website\"},\"datePublished\":\"2023-11-23T15:08:20+00:00\",\"dateModified\":\"2024-11-25T19:25:11+00:00\",\"description\":\"R\u00e9servez une d\u00e9mo avec un expert Kuma pour voir comment nos outils d\u2019IA peuvent am\u00e9liorer votre boutique Shopify. Transformez votre strat\u00e9gie marketing.\",\"breadcrumb\":{\"@id\":\"https:\/\/kuma.marketing\/fr\/planifier-une-demonstration\/#breadcrumb\"},\"inLanguage\":\"fr-CA\",\"potentialAction\":[{\"@type\":\"ReadAction\",\"target\":[\"https:\/\/kuma.marketing\/fr\/planifier-une-demonstration\/\"]}]},{\"@type\":\"BreadcrumbList\",\"@id\":\"https:\/\/kuma.marketing\/fr\/planifier-une-demonstration\/#breadcrumb\",\"itemListElement\":[{\"@type\":\"ListItem\",\"position\":1,\"name\":\"Accueil\",\"item\":\"https:\/\/kuma.marketing\/fr\/\"},{\"@type\":\"ListItem\",\"position\":2,\"name\":\"Planifier une d\u00e9monstration\"}]},{\"@type\":\"WebSite\",\"@id\":\"https:\/\/kuma.marketing\/fr\/#website\",\"url\":\"https:\/\/kuma.marketing\/fr\/\",\"name\":\"Kuma\",\"description\":\"Your AI-driven Shopify partner\",\"publisher\":{\"@id\":\"https:\/\/kuma.marketing\/fr\/#organization\"},\"potentialAction\":[{\"@type\":\"SearchAction\",\"target\":{\"@type\":\"EntryPoint\",\"urlTemplate\":\"https:\/\/kuma.marketing\/fr\/?s={search_term_string}\"},\"query-input\":{\"@type\":\"PropertyValueSpecification\",\"valueRequired\":true,\"valueName\":\"search_term_string\"}}],\"inLanguage\":\"fr-CA\"},{\"@type\":\"Organization\",\"@id\":\"https:\/\/kuma.marketing\/fr\/#organization\",\"name\":\"Kuma\",\"url\":\"https:\/\/kuma.marketing\/fr\/\",\"logo\":{\"@type\":\"ImageObject\",\"inLanguage\":\"fr-CA\",\"@id\":\"https:\/\/kuma.marketing\/fr\/#\/schema\/logo\/image\/\",\"url\":\"https:\/\/kuma.marketing\/app\/uploads\/2023\/06\/kuma-fb-img.jpg\",\"contentUrl\":\"https:\/\/kuma.marketing\/app\/uploads\/2023\/06\/kuma-fb-img.jpg\",\"width\":1200,\"height\":627,\"caption\":\"Kuma\"},\"image\":{\"@id\":\"https:\/\/kuma.marketing\/fr\/#\/schema\/logo\/image\/\"}}]}<\/script>\n<!-- \/ Yoast SEO plugin. -->","yoast_head_json":{"title":"R\u00e9servez une d\u00e9mo avec nos experts | Kuma","description":"R\u00e9servez une d\u00e9mo avec un expert Kuma pour voir comment nos outils d\u2019IA peuvent am\u00e9liorer votre boutique Shopify. Transformez votre strat\u00e9gie marketing.","robots":{"index":"index","follow":"follow","max-snippet":"max-snippet:-1","max-image-preview":"max-image-preview:large","max-video-preview":"max-video-preview:-1"},"canonical":"https:\/\/kuma.marketing\/fr\/planifier-une-demonstration\/","og_locale":"fr_CA","og_type":"article","og_title":"R\u00e9servez une d\u00e9mo avec nos experts | Kuma","og_description":"R\u00e9servez une d\u00e9mo avec un expert Kuma pour voir comment nos outils d\u2019IA peuvent am\u00e9liorer votre boutique Shopify. Transformez votre strat\u00e9gie marketing.","og_url":"https:\/\/kuma.marketing\/fr\/planifier-une-demonstration\/","og_site_name":"Kuma","article_modified_time":"2024-11-25T19:25:11+00:00","twitter_card":"summary_large_image","schema":{"@context":"https:\/\/schema.org","@graph":[{"@type":"WebPage","@id":"https:\/\/kuma.marketing\/fr\/planifier-une-demonstration\/","url":"https:\/\/kuma.marketing\/fr\/planifier-une-demonstration\/","name":"R\u00e9servez une d\u00e9mo avec nos experts | Kuma","isPartOf":{"@id":"https:\/\/kuma.marketing\/fr\/#website"},"datePublished":"2023-11-23T15:08:20+00:00","dateModified":"2024-11-25T19:25:11+00:00","description":"R\u00e9servez une d\u00e9mo avec un expert Kuma pour voir comment nos outils d\u2019IA peuvent am\u00e9liorer votre boutique Shopify. Transformez votre strat\u00e9gie marketing.","breadcrumb":{"@id":"https:\/\/kuma.marketing\/fr\/planifier-une-demonstration\/#breadcrumb"},"inLanguage":"fr-CA","potentialAction":[{"@type":"ReadAction","target":["https:\/\/kuma.marketing\/fr\/planifier-une-demonstration\/"]}]},{"@type":"BreadcrumbList","@id":"https:\/\/kuma.marketing\/fr\/planifier-une-demonstration\/#breadcrumb","itemListElement":[{"@type":"ListItem","position":1,"name":"Accueil","item":"https:\/\/kuma.marketing\/fr\/"},{"@type":"ListItem","position":2,"name":"Planifier une d\u00e9monstration"}]},{"@type":"WebSite","@id":"https:\/\/kuma.marketing\/fr\/#website","url":"https:\/\/kuma.marketing\/fr\/","name":"Kuma","description":"Your AI-driven Shopify partner","publisher":{"@id":"https:\/\/kuma.marketing\/fr\/#organization"},"potentialAction":[{"@type":"SearchAction","target":{"@type":"EntryPoint","urlTemplate":"https:\/\/kuma.marketing\/fr\/?s={search_term_string}"},"query-input":{"@type":"PropertyValueSpecification","valueRequired":true,"valueName":"search_term_string"}}],"inLanguage":"fr-CA"},{"@type":"Organization","@id":"https:\/\/kuma.marketing\/fr\/#organization","name":"Kuma","url":"https:\/\/kuma.marketing\/fr\/","logo":{"@type":"ImageObject","inLanguage":"fr-CA","@id":"https:\/\/kuma.marketing\/fr\/#\/schema\/logo\/image\/","url":"https:\/\/kuma.marketing\/app\/uploads\/2023\/06\/kuma-fb-img.jpg","contentUrl":"https:\/\/kuma.marketing\/app\/uploads\/2023\/06\/kuma-fb-img.jpg","width":1200,"height":627,"caption":"Kuma"},"image":{"@id":"https:\/\/kuma.marketing\/fr\/#\/schema\/logo\/image\/"}}]}},"_links":{"self":[{"href":"https:\/\/kuma.marketing\/fr\/wp-json\/wp\/v2\/pages\/628","targetHints":{"allow":["GET"]}}],"collection":[{"href":"https:\/\/kuma.marketing\/fr\/wp-json\/wp\/v2\/pages"}],"about":[{"href":"https:\/\/kuma.marketing\/fr\/wp-json\/wp\/v2\/types\/page"}],"author":[{"embeddable":true,"href":"https:\/\/kuma.marketing\/fr\/wp-json\/wp\/v2\/users\/8"}],"replies":[{"embeddable":true,"href":"https:\/\/kuma.marketing\/fr\/wp-json\/wp\/v2\/comments?post=628"}],"version-history":[{"count":0,"href":"https:\/\/kuma.marketing\/fr\/wp-json\/wp\/v2\/pages\/628\/revisions"}],"wp:attachment":[{"href":"https:\/\/kuma.marketing\/fr\/wp-json\/wp\/v2\/media?parent=628"}],"curies":[{"name":"wp","href":"https:\/\/api.w.org\/{rel}","templated":true}]}}