{"id":479,"date":"2023-11-16T14:29:57","date_gmt":"2023-11-16T19:29:57","guid":{"rendered":"https:\/\/kuma.marketing\/features\/"},"modified":"2024-01-11T08:50:49","modified_gmt":"2024-01-11T13:50:49","slug":"fonctionnalites","status":"publish","type":"page","link":"https:\/\/kuma.marketing\/fr\/fonctionnalites\/","title":{"rendered":"Fonctionnalit\u00e9s"},"content":{"rendered":"<p>\u00c9levez votre exp\u00e9rience Shopify : d\u00e9couvrez les fonctionnalit\u00e9s avanc\u00e9es de Kuma en mati\u00e8re d&#8217;E-commerce et d&#8217;IA<\/p>\n","protected":false},"excerpt":{"rendered":"<p>\u00c9levez votre exp\u00e9rience Shopify : d\u00e9couvrez les fonctionnalit\u00e9s avanc\u00e9es de Kuma en mati\u00e8re d&#8217;E-commerce et d&#8217;IA<\/p>\n","protected":false},"author":4,"featured_media":0,"parent":0,"menu_order":0,"comment_status":"closed","ping_status":"closed","template":"template-features.blade.php","meta":{"_acf_changed":false,"footnotes":""},"class_list":["post-479","page","type-page","status-publish","hentry"],"acf":[],"yoast_head":"<!-- This site is optimized with the Yoast SEO plugin v25.9 - https:\/\/yoast.com\/wordpress\/plugins\/seo\/ -->\n<title>D\u00e9couvrez nos fonctionnalit\u00e9s d\u2019E-commerce et d\u2019IA | Kuma<\/title>\n<meta name=\"description\" content=\"\u00c9levez votre exp\u00e9rience Shopify : d\u00e9couvrez les fonctionnalit\u00e9s avanc\u00e9es de Kuma en mati\u00e8re d\u2019E-commerce et d\u2019IA. Segmentation RFM. Audiences pr\u00e9dictives.\" \/>\n<meta name=\"robots\" content=\"index, follow, max-snippet:-1, max-image-preview:large, max-video-preview:-1\" \/>\n<link rel=\"canonical\" href=\"https:\/\/kuma.marketing\/fr\/fonctionnalites\/\" \/>\n<meta property=\"og:locale\" content=\"fr_CA\" \/>\n<meta property=\"og:type\" content=\"article\" \/>\n<meta property=\"og:title\" content=\"D\u00e9couvrez nos fonctionnalit\u00e9s d\u2019E-commerce et d\u2019IA | Kuma\" \/>\n<meta property=\"og:description\" content=\"\u00c9levez votre exp\u00e9rience Shopify : d\u00e9couvrez les fonctionnalit\u00e9s avanc\u00e9es de Kuma en mati\u00e8re d\u2019E-commerce et d\u2019IA. Segmentation RFM. Audiences pr\u00e9dictives.\" \/>\n<meta property=\"og:url\" content=\"https:\/\/kuma.marketing\/fr\/fonctionnalites\/\" \/>\n<meta property=\"og:site_name\" content=\"Kuma\" \/>\n<meta property=\"article:modified_time\" content=\"2024-01-11T13:50:49+00:00\" \/>\n<meta name=\"twitter:card\" content=\"summary_large_image\" \/>\n<script type=\"application\/ld+json\" class=\"yoast-schema-graph\">{\"@context\":\"https:\/\/schema.org\",\"@graph\":[{\"@type\":\"WebPage\",\"@id\":\"https:\/\/kuma.marketing\/fr\/fonctionnalites\/\",\"url\":\"https:\/\/kuma.marketing\/fr\/fonctionnalites\/\",\"name\":\"D\u00e9couvrez nos fonctionnalit\u00e9s d\u2019E-commerce et d\u2019IA | Kuma\",\"isPartOf\":{\"@id\":\"https:\/\/kuma.marketing\/fr\/#website\"},\"datePublished\":\"2023-11-16T19:29:57+00:00\",\"dateModified\":\"2024-01-11T13:50:49+00:00\",\"description\":\"\u00c9levez votre exp\u00e9rience Shopify : d\u00e9couvrez les fonctionnalit\u00e9s avanc\u00e9es de Kuma en mati\u00e8re d\u2019E-commerce et d\u2019IA. Segmentation RFM. Audiences pr\u00e9dictives.\",\"breadcrumb\":{\"@id\":\"https:\/\/kuma.marketing\/fr\/fonctionnalites\/#breadcrumb\"},\"inLanguage\":\"fr-CA\",\"potentialAction\":[{\"@type\":\"ReadAction\",\"target\":[\"https:\/\/kuma.marketing\/fr\/fonctionnalites\/\"]}]},{\"@type\":\"BreadcrumbList\",\"@id\":\"https:\/\/kuma.marketing\/fr\/fonctionnalites\/#breadcrumb\",\"itemListElement\":[{\"@type\":\"ListItem\",\"position\":1,\"name\":\"Accueil\",\"item\":\"https:\/\/kuma.marketing\/fr\/\"},{\"@type\":\"ListItem\",\"position\":2,\"name\":\"Fonctionnalit\u00e9s\"}]},{\"@type\":\"WebSite\",\"@id\":\"https:\/\/kuma.marketing\/fr\/#website\",\"url\":\"https:\/\/kuma.marketing\/fr\/\",\"name\":\"Kuma\",\"description\":\"Your AI-driven Shopify partner\",\"publisher\":{\"@id\":\"https:\/\/kuma.marketing\/fr\/#organization\"},\"potentialAction\":[{\"@type\":\"SearchAction\",\"target\":{\"@type\":\"EntryPoint\",\"urlTemplate\":\"https:\/\/kuma.marketing\/fr\/?s={search_term_string}\"},\"query-input\":{\"@type\":\"PropertyValueSpecification\",\"valueRequired\":true,\"valueName\":\"search_term_string\"}}],\"inLanguage\":\"fr-CA\"},{\"@type\":\"Organization\",\"@id\":\"https:\/\/kuma.marketing\/fr\/#organization\",\"name\":\"Kuma\",\"url\":\"https:\/\/kuma.marketing\/fr\/\",\"logo\":{\"@type\":\"ImageObject\",\"inLanguage\":\"fr-CA\",\"@id\":\"https:\/\/kuma.marketing\/fr\/#\/schema\/logo\/image\/\",\"url\":\"https:\/\/kuma.marketing\/app\/uploads\/2023\/06\/kuma-fb-img.jpg\",\"contentUrl\":\"https:\/\/kuma.marketing\/app\/uploads\/2023\/06\/kuma-fb-img.jpg\",\"width\":1200,\"height\":627,\"caption\":\"Kuma\"},\"image\":{\"@id\":\"https:\/\/kuma.marketing\/fr\/#\/schema\/logo\/image\/\"}}]}<\/script>\n<!-- \/ Yoast SEO plugin. -->","yoast_head_json":{"title":"D\u00e9couvrez nos fonctionnalit\u00e9s d\u2019E-commerce et d\u2019IA | Kuma","description":"\u00c9levez votre exp\u00e9rience Shopify : d\u00e9couvrez les fonctionnalit\u00e9s avanc\u00e9es de Kuma en mati\u00e8re d\u2019E-commerce et d\u2019IA. Segmentation RFM. Audiences pr\u00e9dictives.","robots":{"index":"index","follow":"follow","max-snippet":"max-snippet:-1","max-image-preview":"max-image-preview:large","max-video-preview":"max-video-preview:-1"},"canonical":"https:\/\/kuma.marketing\/fr\/fonctionnalites\/","og_locale":"fr_CA","og_type":"article","og_title":"D\u00e9couvrez nos fonctionnalit\u00e9s d\u2019E-commerce et d\u2019IA | Kuma","og_description":"\u00c9levez votre exp\u00e9rience Shopify : d\u00e9couvrez les fonctionnalit\u00e9s avanc\u00e9es de Kuma en mati\u00e8re d\u2019E-commerce et d\u2019IA. Segmentation RFM. Audiences pr\u00e9dictives.","og_url":"https:\/\/kuma.marketing\/fr\/fonctionnalites\/","og_site_name":"Kuma","article_modified_time":"2024-01-11T13:50:49+00:00","twitter_card":"summary_large_image","schema":{"@context":"https:\/\/schema.org","@graph":[{"@type":"WebPage","@id":"https:\/\/kuma.marketing\/fr\/fonctionnalites\/","url":"https:\/\/kuma.marketing\/fr\/fonctionnalites\/","name":"D\u00e9couvrez nos fonctionnalit\u00e9s d\u2019E-commerce et d\u2019IA | Kuma","isPartOf":{"@id":"https:\/\/kuma.marketing\/fr\/#website"},"datePublished":"2023-11-16T19:29:57+00:00","dateModified":"2024-01-11T13:50:49+00:00","description":"\u00c9levez votre exp\u00e9rience Shopify : d\u00e9couvrez les fonctionnalit\u00e9s avanc\u00e9es de Kuma en mati\u00e8re d\u2019E-commerce et d\u2019IA. Segmentation RFM. Audiences pr\u00e9dictives.","breadcrumb":{"@id":"https:\/\/kuma.marketing\/fr\/fonctionnalites\/#breadcrumb"},"inLanguage":"fr-CA","potentialAction":[{"@type":"ReadAction","target":["https:\/\/kuma.marketing\/fr\/fonctionnalites\/"]}]},{"@type":"BreadcrumbList","@id":"https:\/\/kuma.marketing\/fr\/fonctionnalites\/#breadcrumb","itemListElement":[{"@type":"ListItem","position":1,"name":"Accueil","item":"https:\/\/kuma.marketing\/fr\/"},{"@type":"ListItem","position":2,"name":"Fonctionnalit\u00e9s"}]},{"@type":"WebSite","@id":"https:\/\/kuma.marketing\/fr\/#website","url":"https:\/\/kuma.marketing\/fr\/","name":"Kuma","description":"Your AI-driven Shopify partner","publisher":{"@id":"https:\/\/kuma.marketing\/fr\/#organization"},"potentialAction":[{"@type":"SearchAction","target":{"@type":"EntryPoint","urlTemplate":"https:\/\/kuma.marketing\/fr\/?s={search_term_string}"},"query-input":{"@type":"PropertyValueSpecification","valueRequired":true,"valueName":"search_term_string"}}],"inLanguage":"fr-CA"},{"@type":"Organization","@id":"https:\/\/kuma.marketing\/fr\/#organization","name":"Kuma","url":"https:\/\/kuma.marketing\/fr\/","logo":{"@type":"ImageObject","inLanguage":"fr-CA","@id":"https:\/\/kuma.marketing\/fr\/#\/schema\/logo\/image\/","url":"https:\/\/kuma.marketing\/app\/uploads\/2023\/06\/kuma-fb-img.jpg","contentUrl":"https:\/\/kuma.marketing\/app\/uploads\/2023\/06\/kuma-fb-img.jpg","width":1200,"height":627,"caption":"Kuma"},"image":{"@id":"https:\/\/kuma.marketing\/fr\/#\/schema\/logo\/image\/"}}]}},"_links":{"self":[{"href":"https:\/\/kuma.marketing\/fr\/wp-json\/wp\/v2\/pages\/479","targetHints":{"allow":["GET"]}}],"collection":[{"href":"https:\/\/kuma.marketing\/fr\/wp-json\/wp\/v2\/pages"}],"about":[{"href":"https:\/\/kuma.marketing\/fr\/wp-json\/wp\/v2\/types\/page"}],"author":[{"embeddable":true,"href":"https:\/\/kuma.marketing\/fr\/wp-json\/wp\/v2\/users\/4"}],"replies":[{"embeddable":true,"href":"https:\/\/kuma.marketing\/fr\/wp-json\/wp\/v2\/comments?post=479"}],"version-history":[{"count":0,"href":"https:\/\/kuma.marketing\/fr\/wp-json\/wp\/v2\/pages\/479\/revisions"}],"wp:attachment":[{"href":"https:\/\/kuma.marketing\/fr\/wp-json\/wp\/v2\/media?parent=479"}],"curies":[{"name":"wp","href":"https:\/\/api.w.org\/{rel}","templated":true}]}}